{"id":42741,"date":"2021-06-26T16:58:35","date_gmt":"2021-06-26T16:58:35","guid":{"rendered":"https:\/\/toltrade.lt\/?page_id=42741"},"modified":"2021-10-06T16:40:01","modified_gmt":"2021-10-06T13:40:01","slug":"zamestnanci-z-ukrajiny","status":"publish","type":"page","link":"https:\/\/toltrade.lt\/cs\/zamestnanci-z-ukrajiny\/","title":{"rendered":"Zam\u011bstnanci z Ukrajiny"},"content":{"rendered":"","protected":false},"excerpt":{"rendered":"","protected":false},"author":1,"featured_media":42508,"parent":0,"menu_order":0,"comment_status":"closed","ping_status":"closed","template":"darbdaviams-template.php","meta":{"_acf_changed":false,"footnotes":""},"class_list":["post-42741","page","type-page","status-publish","has-post-thumbnail","hentry"],"acf":[],"yoast_head":"<!-- This site is optimized with the Yoast SEO Premium plugin v27.1 (Yoast SEO v27.5) - https:\/\/yoast.com\/product\/yoast-seo-premium-wordpress\/ -->\n<title>Zam\u011bstnanci z Ukrajiny - TolTrade Group Vyhled\u00e1n\u00ed pracovn\u00edk\u016f z Ukrajiny-HireLabas Group<\/title>\n<meta name=\"description\" content=\"Zam\u011bstnanci z Ukrajiny - Vyhled\u00e1n\u00ed pracovn\u00edk\u016f z Ukrajiny | Pro\u010d se rozhodnout pro n\u00e1bor zam\u011bstnanc\u016f z Ukrajiny? HireLabas Gro\" \/>\n<meta name=\"robots\" content=\"index, follow, max-snippet:-1, max-image-preview:large, max-video-preview:-1\" \/>\n<link rel=\"canonical\" href=\"https:\/\/toltrade.lt\/cs\/zamestnanci-z-ukrajiny\/\" \/>\n<meta property=\"og:locale\" content=\"cs_CZ\" \/>\n<meta property=\"og:type\" content=\"article\" \/>\n<meta property=\"og:title\" content=\"Zam\u011bstnanci z Ukrajiny\" \/>\n<meta property=\"og:description\" content=\"Zam\u011bstnanci z Ukrajiny - Vyhled\u00e1n\u00ed pracovn\u00edk\u016f z Ukrajiny | Pro\u010d se rozhodnout pro n\u00e1bor zam\u011bstnanc\u016f z Ukrajiny? HireLabas Gro\" \/>\n<meta property=\"og:url\" content=\"https:\/\/toltrade.lt\/cs\/zamestnanci-z-ukrajiny\/\" \/>\n<meta property=\"og:site_name\" content=\"TolTrade Group\" \/>\n<meta property=\"article:modified_time\" content=\"2021-10-06T13:40:01+00:00\" \/>\n<meta property=\"og:image\" content=\"https:\/\/toltrade.lt\/wp-content\/uploads\/2021\/06\/Staffing.jpg\" \/>\n\t<meta property=\"og:image:width\" content=\"800\" \/>\n\t<meta property=\"og:image:height\" content=\"600\" \/>\n\t<meta property=\"og:image:type\" content=\"image\/jpeg\" \/>\n<meta name=\"twitter:card\" content=\"summary_large_image\" \/>\n<script type=\"application\/ld+json\" class=\"yoast-schema-graph\">{\"@context\":\"https:\\\/\\\/schema.org\",\"@graph\":[{\"@type\":\"WebPage\",\"@id\":\"https:\\\/\\\/toltrade.lt\\\/cs\\\/zamestnanci-z-ukrajiny\\\/\",\"url\":\"https:\\\/\\\/toltrade.lt\\\/cs\\\/zamestnanci-z-ukrajiny\\\/\",\"name\":\"Zam\u011bstnanci z Ukrajiny - TolTrade Group Vyhled\u00e1n\u00ed pracovn\u00edk\u016f z Ukrajiny-HireLabas Group\",\"isPartOf\":{\"@id\":\"https:\\\/\\\/toltrade.lt\\\/#website\"},\"primaryImageOfPage\":{\"@id\":\"https:\\\/\\\/toltrade.lt\\\/cs\\\/zamestnanci-z-ukrajiny\\\/#primaryimage\"},\"image\":{\"@id\":\"https:\\\/\\\/toltrade.lt\\\/cs\\\/zamestnanci-z-ukrajiny\\\/#primaryimage\"},\"thumbnailUrl\":\"https:\\\/\\\/toltrade.lt\\\/wp-content\\\/uploads\\\/2021\\\/06\\\/Staffing.jpg\",\"datePublished\":\"2021-06-26T16:58:35+00:00\",\"dateModified\":\"2021-10-06T13:40:01+00:00\",\"description\":\"Zam\u011bstnanci z Ukrajiny - Vyhled\u00e1n\u00ed pracovn\u00edk\u016f z Ukrajiny | Pro\u010d se rozhodnout pro n\u00e1bor zam\u011bstnanc\u016f z Ukrajiny? HireLabas Gro\",\"breadcrumb\":{\"@id\":\"https:\\\/\\\/toltrade.lt\\\/cs\\\/zamestnanci-z-ukrajiny\\\/#breadcrumb\"},\"inLanguage\":\"cs\",\"potentialAction\":[{\"@type\":\"ReadAction\",\"target\":[\"https:\\\/\\\/toltrade.lt\\\/cs\\\/zamestnanci-z-ukrajiny\\\/\"]}]},{\"@type\":\"ImageObject\",\"inLanguage\":\"cs\",\"@id\":\"https:\\\/\\\/toltrade.lt\\\/cs\\\/zamestnanci-z-ukrajiny\\\/#primaryimage\",\"url\":\"https:\\\/\\\/toltrade.lt\\\/wp-content\\\/uploads\\\/2021\\\/06\\\/Staffing.jpg\",\"contentUrl\":\"https:\\\/\\\/toltrade.lt\\\/wp-content\\\/uploads\\\/2021\\\/06\\\/Staffing.jpg\",\"width\":800,\"height\":600},{\"@type\":\"BreadcrumbList\",\"@id\":\"https:\\\/\\\/toltrade.lt\\\/cs\\\/zamestnanci-z-ukrajiny\\\/#breadcrumb\",\"itemListElement\":[{\"@type\":\"ListItem\",\"position\":1,\"name\":\"Home\",\"item\":\"https:\\\/\\\/toltrade.lt\\\/cs\\\/\"},{\"@type\":\"ListItem\",\"position\":2,\"name\":\"Zam\u011bstnanci z Ukrajiny\"}]},{\"@type\":\"WebSite\",\"@id\":\"https:\\\/\\\/toltrade.lt\\\/#website\",\"url\":\"https:\\\/\\\/toltrade.lt\\\/\",\"name\":\"TolTrade Group\",\"description\":\"\",\"publisher\":{\"@id\":\"https:\\\/\\\/toltrade.lt\\\/#organization\"},\"potentialAction\":[{\"@type\":\"SearchAction\",\"target\":{\"@type\":\"EntryPoint\",\"urlTemplate\":\"https:\\\/\\\/toltrade.lt\\\/?s={search_term_string}\"},\"query-input\":{\"@type\":\"PropertyValueSpecification\",\"valueRequired\":true,\"valueName\":\"search_term_string\"}}],\"inLanguage\":\"cs\"},{\"@type\":\"Organization\",\"@id\":\"https:\\\/\\\/toltrade.lt\\\/#organization\",\"name\":\"TolTrade Group\",\"url\":\"https:\\\/\\\/toltrade.lt\\\/\",\"logo\":{\"@type\":\"ImageObject\",\"inLanguage\":\"cs\",\"@id\":\"https:\\\/\\\/toltrade.lt\\\/#\\\/schema\\\/logo\\\/image\\\/\",\"url\":\"https:\\\/\\\/toltrade.lt\\\/wp-content\\\/uploads\\\/2022\\\/10\\\/toltrade_logo2_150x150.png\",\"contentUrl\":\"https:\\\/\\\/toltrade.lt\\\/wp-content\\\/uploads\\\/2022\\\/10\\\/toltrade_logo2_150x150.png\",\"width\":150,\"height\":150,\"caption\":\"TolTrade Group\"},\"image\":{\"@id\":\"https:\\\/\\\/toltrade.lt\\\/#\\\/schema\\\/logo\\\/image\\\/\"}}]}<\/script>\n<!-- \/ Yoast SEO Premium plugin. -->","yoast_head_json":{"title":"Zam\u011bstnanci z Ukrajiny - TolTrade Group Vyhled\u00e1n\u00ed pracovn\u00edk\u016f z Ukrajiny-HireLabas Group","description":"Zam\u011bstnanci z Ukrajiny - Vyhled\u00e1n\u00ed pracovn\u00edk\u016f z Ukrajiny | Pro\u010d se rozhodnout pro n\u00e1bor zam\u011bstnanc\u016f z Ukrajiny? HireLabas Gro","robots":{"index":"index","follow":"follow","max-snippet":"max-snippet:-1","max-image-preview":"max-image-preview:large","max-video-preview":"max-video-preview:-1"},"canonical":"https:\/\/toltrade.lt\/cs\/zamestnanci-z-ukrajiny\/","og_locale":"cs_CZ","og_type":"article","og_title":"Zam\u011bstnanci z Ukrajiny","og_description":"Zam\u011bstnanci z Ukrajiny - Vyhled\u00e1n\u00ed pracovn\u00edk\u016f z Ukrajiny | Pro\u010d se rozhodnout pro n\u00e1bor zam\u011bstnanc\u016f z Ukrajiny? HireLabas Gro","og_url":"https:\/\/toltrade.lt\/cs\/zamestnanci-z-ukrajiny\/","og_site_name":"TolTrade Group","article_modified_time":"2021-10-06T13:40:01+00:00","og_image":[{"width":800,"height":600,"url":"https:\/\/toltrade.lt\/wp-content\/uploads\/2021\/06\/Staffing.jpg","type":"image\/jpeg"}],"twitter_card":"summary_large_image","schema":{"@context":"https:\/\/schema.org","@graph":[{"@type":"WebPage","@id":"https:\/\/toltrade.lt\/cs\/zamestnanci-z-ukrajiny\/","url":"https:\/\/toltrade.lt\/cs\/zamestnanci-z-ukrajiny\/","name":"Zam\u011bstnanci z Ukrajiny - TolTrade Group Vyhled\u00e1n\u00ed pracovn\u00edk\u016f z Ukrajiny-HireLabas Group","isPartOf":{"@id":"https:\/\/toltrade.lt\/#website"},"primaryImageOfPage":{"@id":"https:\/\/toltrade.lt\/cs\/zamestnanci-z-ukrajiny\/#primaryimage"},"image":{"@id":"https:\/\/toltrade.lt\/cs\/zamestnanci-z-ukrajiny\/#primaryimage"},"thumbnailUrl":"https:\/\/toltrade.lt\/wp-content\/uploads\/2021\/06\/Staffing.jpg","datePublished":"2021-06-26T16:58:35+00:00","dateModified":"2021-10-06T13:40:01+00:00","description":"Zam\u011bstnanci z Ukrajiny - Vyhled\u00e1n\u00ed pracovn\u00edk\u016f z Ukrajiny | Pro\u010d se rozhodnout pro n\u00e1bor zam\u011bstnanc\u016f z Ukrajiny? HireLabas Gro","breadcrumb":{"@id":"https:\/\/toltrade.lt\/cs\/zamestnanci-z-ukrajiny\/#breadcrumb"},"inLanguage":"cs","potentialAction":[{"@type":"ReadAction","target":["https:\/\/toltrade.lt\/cs\/zamestnanci-z-ukrajiny\/"]}]},{"@type":"ImageObject","inLanguage":"cs","@id":"https:\/\/toltrade.lt\/cs\/zamestnanci-z-ukrajiny\/#primaryimage","url":"https:\/\/toltrade.lt\/wp-content\/uploads\/2021\/06\/Staffing.jpg","contentUrl":"https:\/\/toltrade.lt\/wp-content\/uploads\/2021\/06\/Staffing.jpg","width":800,"height":600},{"@type":"BreadcrumbList","@id":"https:\/\/toltrade.lt\/cs\/zamestnanci-z-ukrajiny\/#breadcrumb","itemListElement":[{"@type":"ListItem","position":1,"name":"Home","item":"https:\/\/toltrade.lt\/cs\/"},{"@type":"ListItem","position":2,"name":"Zam\u011bstnanci z Ukrajiny"}]},{"@type":"WebSite","@id":"https:\/\/toltrade.lt\/#website","url":"https:\/\/toltrade.lt\/","name":"TolTrade Group","description":"","publisher":{"@id":"https:\/\/toltrade.lt\/#organization"},"potentialAction":[{"@type":"SearchAction","target":{"@type":"EntryPoint","urlTemplate":"https:\/\/toltrade.lt\/?s={search_term_string}"},"query-input":{"@type":"PropertyValueSpecification","valueRequired":true,"valueName":"search_term_string"}}],"inLanguage":"cs"},{"@type":"Organization","@id":"https:\/\/toltrade.lt\/#organization","name":"TolTrade Group","url":"https:\/\/toltrade.lt\/","logo":{"@type":"ImageObject","inLanguage":"cs","@id":"https:\/\/toltrade.lt\/#\/schema\/logo\/image\/","url":"https:\/\/toltrade.lt\/wp-content\/uploads\/2022\/10\/toltrade_logo2_150x150.png","contentUrl":"https:\/\/toltrade.lt\/wp-content\/uploads\/2022\/10\/toltrade_logo2_150x150.png","width":150,"height":150,"caption":"TolTrade Group"},"image":{"@id":"https:\/\/toltrade.lt\/#\/schema\/logo\/image\/"}}]}},"_links":{"self":[{"href":"https:\/\/toltrade.lt\/cs\/wp-json\/wp\/v2\/pages\/42741","targetHints":{"allow":["GET"]}}],"collection":[{"href":"https:\/\/toltrade.lt\/cs\/wp-json\/wp\/v2\/pages"}],"about":[{"href":"https:\/\/toltrade.lt\/cs\/wp-json\/wp\/v2\/types\/page"}],"author":[{"embeddable":true,"href":"https:\/\/toltrade.lt\/cs\/wp-json\/wp\/v2\/users\/1"}],"replies":[{"embeddable":true,"href":"https:\/\/toltrade.lt\/cs\/wp-json\/wp\/v2\/comments?post=42741"}],"version-history":[{"count":1,"href":"https:\/\/toltrade.lt\/cs\/wp-json\/wp\/v2\/pages\/42741\/revisions"}],"predecessor-version":[{"id":42742,"href":"https:\/\/toltrade.lt\/cs\/wp-json\/wp\/v2\/pages\/42741\/revisions\/42742"}],"wp:featuredmedia":[{"embeddable":true,"href":"https:\/\/toltrade.lt\/cs\/wp-json\/wp\/v2\/media\/42508"}],"wp:attachment":[{"href":"https:\/\/toltrade.lt\/cs\/wp-json\/wp\/v2\/media?parent=42741"}],"curies":[{"name":"wp","href":"https:\/\/api.w.org\/{rel}","templated":true}]}}