{"id":42668,"date":"2021-06-26T14:41:45","date_gmt":"2021-06-26T14:41:45","guid":{"rendered":"https:\/\/toltrade.lt\/?page_id=42668"},"modified":"2023-03-28T20:24:14","modified_gmt":"2023-03-28T17:24:14","slug":"fuer-unternehmen","status":"publish","type":"page","link":"https:\/\/toltrade.lt\/de\/fuer-unternehmen\/","title":{"rendered":"F\u00fcr Unternehmen"},"content":{"rendered":"<h3>SO HELFEN WIR IHNEN MIT UNSEREN DIENSTLEISTUNGEN<\/h3>\n<p>Bei HireLabas Gruppe k\u00f6nnen Sie Personal kurz- oder langfristig nutzen und das f\u00fcr nahezu alle Branchen. Als flexibler Personalvermittler helfen wir Ihnen. Wir sind in Deutschland Ihre Anlaufstelle rund um das Thema Osteuropa Personalvermittlung. \u00a0 Wir bieten innovative Programme an und suchen die Leiharbeiter aus Litauen sorgf\u00e4ltig aus. So gew\u00e4hrleisten wir, dass Sie qualitativ hochwertige ausl\u00e4ndische Arbeitskr\u00e4fte erhalten gew\u00e4hlt wurden. Unsere Arbeitskr\u00e4fte aus Litauen verf\u00fcgen \u00fcber die notwendigen Eigenschaften, um Ihnen effektiv zu helfen. \u00a0 Unsere Mitarbeiter aus Litauen sind belastbar und k\u00f6nnen sich an die verschiedenen Bedingungen anpassen. Die Arbeitskosten sind geringer und das Personal aus Litauen ist schnell verf\u00fcgbar. Zuletzt \u00fcbernehmen wir auch das Thema Dokumentenverwaltung.<\/p>\n","protected":false},"excerpt":{"rendered":"<p>SO HELFEN WIR IHNEN MIT UNSEREN DIENSTLEISTUNGEN Bei HireLabas Gruppe k\u00f6nnen Sie Personal kurz- oder langfristig nutzen und das f\u00fcr nahezu alle Branchen. Als flexibler Personalvermittler helfen wir Ihnen. Wir sind in Deutschland Ihre Anlaufstelle rund um das Thema Osteuropa Personalvermittlung. \u00a0 Wir bieten innovative Programme an und suchen die Leiharbeiter aus Litauen sorgf\u00e4ltig aus. [&hellip;]<\/p>\n","protected":false},"author":1,"featured_media":47424,"parent":0,"menu_order":0,"comment_status":"closed","ping_status":"closed","template":"apie-mus-template.php","meta":{"_acf_changed":false,"footnotes":""},"class_list":["post-42668","page","type-page","status-publish","has-post-thumbnail","hentry"],"acf":[],"yoast_head":"<!-- This site is optimized with the Yoast SEO Premium plugin v27.1 (Yoast SEO v27.5) - https:\/\/yoast.com\/product\/yoast-seo-premium-wordpress\/ -->\n<title>F\u00fcr Unternehmen - TolTrade<\/title>\n<meta name=\"robots\" content=\"index, follow, max-snippet:-1, max-image-preview:large, max-video-preview:-1\" \/>\n<link rel=\"canonical\" href=\"https:\/\/toltrade.lt\/de\/fuer-unternehmen\/\" \/>\n<meta property=\"og:locale\" content=\"de_DE\" \/>\n<meta property=\"og:type\" content=\"article\" \/>\n<meta property=\"og:title\" content=\"F\u00fcr Unternehmen\" \/>\n<meta property=\"og:description\" content=\"SO HELFEN WIR IHNEN MIT UNSEREN DIENSTLEISTUNGEN Bei HireLabas Gruppe k\u00f6nnen Sie Personal kurz- oder langfristig nutzen und das f\u00fcr nahezu alle Branchen. Als flexibler Personalvermittler helfen wir Ihnen. Wir sind in Deutschland Ihre Anlaufstelle rund um das Thema Osteuropa Personalvermittlung. \u00a0 Wir bieten innovative Programme an und suchen die Leiharbeiter aus Litauen sorgf\u00e4ltig aus. [&hellip;]\" \/>\n<meta property=\"og:url\" content=\"https:\/\/toltrade.lt\/de\/fuer-unternehmen\/\" \/>\n<meta property=\"og:site_name\" content=\"TolTrade Group\" \/>\n<meta property=\"article:modified_time\" content=\"2023-03-28T17:24:14+00:00\" \/>\n<meta property=\"og:image\" content=\"https:\/\/toltrade.lt\/wp-content\/uploads\/2023\/03\/rsz_1rsz_depositphotos_31463497_s-2019-2.jpg\" \/>\n\t<meta property=\"og:image:width\" content=\"236\" \/>\n\t<meta property=\"og:image:height\" content=\"376\" \/>\n\t<meta property=\"og:image:type\" content=\"image\/jpeg\" \/>\n<meta name=\"twitter:card\" content=\"summary_large_image\" \/>\n<meta name=\"twitter:label1\" content=\"Gesch\u00e4tzte Lesezeit\" \/>\n\t<meta name=\"twitter:data1\" content=\"1\u00a0Minute\" \/>\n<script type=\"application\/ld+json\" class=\"yoast-schema-graph\">{\"@context\":\"https:\\\/\\\/schema.org\",\"@graph\":[{\"@type\":\"WebPage\",\"@id\":\"https:\\\/\\\/toltrade.lt\\\/de\\\/fuer-unternehmen\\\/\",\"url\":\"https:\\\/\\\/toltrade.lt\\\/de\\\/fuer-unternehmen\\\/\",\"name\":\"F\u00fcr Unternehmen - TolTrade\",\"isPartOf\":{\"@id\":\"https:\\\/\\\/toltrade.lt\\\/#website\"},\"primaryImageOfPage\":{\"@id\":\"https:\\\/\\\/toltrade.lt\\\/de\\\/fuer-unternehmen\\\/#primaryimage\"},\"image\":{\"@id\":\"https:\\\/\\\/toltrade.lt\\\/de\\\/fuer-unternehmen\\\/#primaryimage\"},\"thumbnailUrl\":\"https:\\\/\\\/toltrade.lt\\\/wp-content\\\/uploads\\\/2023\\\/03\\\/rsz_1rsz_depositphotos_31463497_s-2019-2.jpg\",\"datePublished\":\"2021-06-26T14:41:45+00:00\",\"dateModified\":\"2023-03-28T17:24:14+00:00\",\"breadcrumb\":{\"@id\":\"https:\\\/\\\/toltrade.lt\\\/de\\\/fuer-unternehmen\\\/#breadcrumb\"},\"inLanguage\":\"de\",\"potentialAction\":[{\"@type\":\"ReadAction\",\"target\":[\"https:\\\/\\\/toltrade.lt\\\/de\\\/fuer-unternehmen\\\/\"]}]},{\"@type\":\"ImageObject\",\"inLanguage\":\"de\",\"@id\":\"https:\\\/\\\/toltrade.lt\\\/de\\\/fuer-unternehmen\\\/#primaryimage\",\"url\":\"https:\\\/\\\/toltrade.lt\\\/wp-content\\\/uploads\\\/2023\\\/03\\\/rsz_1rsz_depositphotos_31463497_s-2019-2.jpg\",\"contentUrl\":\"https:\\\/\\\/toltrade.lt\\\/wp-content\\\/uploads\\\/2023\\\/03\\\/rsz_1rsz_depositphotos_31463497_s-2019-2.jpg\",\"width\":236,\"height\":376},{\"@type\":\"BreadcrumbList\",\"@id\":\"https:\\\/\\\/toltrade.lt\\\/de\\\/fuer-unternehmen\\\/#breadcrumb\",\"itemListElement\":[{\"@type\":\"ListItem\",\"position\":1,\"name\":\"Home\",\"item\":\"https:\\\/\\\/toltrade.lt\\\/de\\\/\"},{\"@type\":\"ListItem\",\"position\":2,\"name\":\"F\u00fcr Unternehmen\"}]},{\"@type\":\"WebSite\",\"@id\":\"https:\\\/\\\/toltrade.lt\\\/#website\",\"url\":\"https:\\\/\\\/toltrade.lt\\\/\",\"name\":\"TolTrade Group\",\"description\":\"\",\"publisher\":{\"@id\":\"https:\\\/\\\/toltrade.lt\\\/#organization\"},\"potentialAction\":[{\"@type\":\"SearchAction\",\"target\":{\"@type\":\"EntryPoint\",\"urlTemplate\":\"https:\\\/\\\/toltrade.lt\\\/?s={search_term_string}\"},\"query-input\":{\"@type\":\"PropertyValueSpecification\",\"valueRequired\":true,\"valueName\":\"search_term_string\"}}],\"inLanguage\":\"de\"},{\"@type\":\"Organization\",\"@id\":\"https:\\\/\\\/toltrade.lt\\\/#organization\",\"name\":\"TolTrade Group\",\"url\":\"https:\\\/\\\/toltrade.lt\\\/\",\"logo\":{\"@type\":\"ImageObject\",\"inLanguage\":\"de\",\"@id\":\"https:\\\/\\\/toltrade.lt\\\/#\\\/schema\\\/logo\\\/image\\\/\",\"url\":\"https:\\\/\\\/toltrade.lt\\\/wp-content\\\/uploads\\\/2022\\\/10\\\/toltrade_logo2_150x150.png\",\"contentUrl\":\"https:\\\/\\\/toltrade.lt\\\/wp-content\\\/uploads\\\/2022\\\/10\\\/toltrade_logo2_150x150.png\",\"width\":150,\"height\":150,\"caption\":\"TolTrade Group\"},\"image\":{\"@id\":\"https:\\\/\\\/toltrade.lt\\\/#\\\/schema\\\/logo\\\/image\\\/\"}}]}<\/script>\n<!-- \/ Yoast SEO Premium plugin. -->","yoast_head_json":{"title":"F\u00fcr Unternehmen - TolTrade","robots":{"index":"index","follow":"follow","max-snippet":"max-snippet:-1","max-image-preview":"max-image-preview:large","max-video-preview":"max-video-preview:-1"},"canonical":"https:\/\/toltrade.lt\/de\/fuer-unternehmen\/","og_locale":"de_DE","og_type":"article","og_title":"F\u00fcr Unternehmen","og_description":"SO HELFEN WIR IHNEN MIT UNSEREN DIENSTLEISTUNGEN Bei HireLabas Gruppe k\u00f6nnen Sie Personal kurz- oder langfristig nutzen und das f\u00fcr nahezu alle Branchen. Als flexibler Personalvermittler helfen wir Ihnen. Wir sind in Deutschland Ihre Anlaufstelle rund um das Thema Osteuropa Personalvermittlung. \u00a0 Wir bieten innovative Programme an und suchen die Leiharbeiter aus Litauen sorgf\u00e4ltig aus. [&hellip;]","og_url":"https:\/\/toltrade.lt\/de\/fuer-unternehmen\/","og_site_name":"TolTrade Group","article_modified_time":"2023-03-28T17:24:14+00:00","og_image":[{"width":236,"height":376,"url":"https:\/\/toltrade.lt\/wp-content\/uploads\/2023\/03\/rsz_1rsz_depositphotos_31463497_s-2019-2.jpg","type":"image\/jpeg"}],"twitter_card":"summary_large_image","twitter_misc":{"Gesch\u00e4tzte Lesezeit":"1\u00a0Minute"},"schema":{"@context":"https:\/\/schema.org","@graph":[{"@type":"WebPage","@id":"https:\/\/toltrade.lt\/de\/fuer-unternehmen\/","url":"https:\/\/toltrade.lt\/de\/fuer-unternehmen\/","name":"F\u00fcr Unternehmen - TolTrade","isPartOf":{"@id":"https:\/\/toltrade.lt\/#website"},"primaryImageOfPage":{"@id":"https:\/\/toltrade.lt\/de\/fuer-unternehmen\/#primaryimage"},"image":{"@id":"https:\/\/toltrade.lt\/de\/fuer-unternehmen\/#primaryimage"},"thumbnailUrl":"https:\/\/toltrade.lt\/wp-content\/uploads\/2023\/03\/rsz_1rsz_depositphotos_31463497_s-2019-2.jpg","datePublished":"2021-06-26T14:41:45+00:00","dateModified":"2023-03-28T17:24:14+00:00","breadcrumb":{"@id":"https:\/\/toltrade.lt\/de\/fuer-unternehmen\/#breadcrumb"},"inLanguage":"de","potentialAction":[{"@type":"ReadAction","target":["https:\/\/toltrade.lt\/de\/fuer-unternehmen\/"]}]},{"@type":"ImageObject","inLanguage":"de","@id":"https:\/\/toltrade.lt\/de\/fuer-unternehmen\/#primaryimage","url":"https:\/\/toltrade.lt\/wp-content\/uploads\/2023\/03\/rsz_1rsz_depositphotos_31463497_s-2019-2.jpg","contentUrl":"https:\/\/toltrade.lt\/wp-content\/uploads\/2023\/03\/rsz_1rsz_depositphotos_31463497_s-2019-2.jpg","width":236,"height":376},{"@type":"BreadcrumbList","@id":"https:\/\/toltrade.lt\/de\/fuer-unternehmen\/#breadcrumb","itemListElement":[{"@type":"ListItem","position":1,"name":"Home","item":"https:\/\/toltrade.lt\/de\/"},{"@type":"ListItem","position":2,"name":"F\u00fcr Unternehmen"}]},{"@type":"WebSite","@id":"https:\/\/toltrade.lt\/#website","url":"https:\/\/toltrade.lt\/","name":"TolTrade Group","description":"","publisher":{"@id":"https:\/\/toltrade.lt\/#organization"},"potentialAction":[{"@type":"SearchAction","target":{"@type":"EntryPoint","urlTemplate":"https:\/\/toltrade.lt\/?s={search_term_string}"},"query-input":{"@type":"PropertyValueSpecification","valueRequired":true,"valueName":"search_term_string"}}],"inLanguage":"de"},{"@type":"Organization","@id":"https:\/\/toltrade.lt\/#organization","name":"TolTrade Group","url":"https:\/\/toltrade.lt\/","logo":{"@type":"ImageObject","inLanguage":"de","@id":"https:\/\/toltrade.lt\/#\/schema\/logo\/image\/","url":"https:\/\/toltrade.lt\/wp-content\/uploads\/2022\/10\/toltrade_logo2_150x150.png","contentUrl":"https:\/\/toltrade.lt\/wp-content\/uploads\/2022\/10\/toltrade_logo2_150x150.png","width":150,"height":150,"caption":"TolTrade Group"},"image":{"@id":"https:\/\/toltrade.lt\/#\/schema\/logo\/image\/"}}]}},"_links":{"self":[{"href":"https:\/\/toltrade.lt\/de\/wp-json\/wp\/v2\/pages\/42668","targetHints":{"allow":["GET"]}}],"collection":[{"href":"https:\/\/toltrade.lt\/de\/wp-json\/wp\/v2\/pages"}],"about":[{"href":"https:\/\/toltrade.lt\/de\/wp-json\/wp\/v2\/types\/page"}],"author":[{"embeddable":true,"href":"https:\/\/toltrade.lt\/de\/wp-json\/wp\/v2\/users\/1"}],"replies":[{"embeddable":true,"href":"https:\/\/toltrade.lt\/de\/wp-json\/wp\/v2\/comments?post=42668"}],"version-history":[{"count":5,"href":"https:\/\/toltrade.lt\/de\/wp-json\/wp\/v2\/pages\/42668\/revisions"}],"predecessor-version":[{"id":47433,"href":"https:\/\/toltrade.lt\/de\/wp-json\/wp\/v2\/pages\/42668\/revisions\/47433"}],"wp:featuredmedia":[{"embeddable":true,"href":"https:\/\/toltrade.lt\/de\/wp-json\/wp\/v2\/media\/47424"}],"wp:attachment":[{"href":"https:\/\/toltrade.lt\/de\/wp-json\/wp\/v2\/media?parent=42668"}],"curies":[{"name":"wp","href":"https:\/\/api.w.org\/{rel}","templated":true}]}}