{"id":42670,"date":"2021-06-26T14:44:10","date_gmt":"2021-06-26T14:44:10","guid":{"rendered":"https:\/\/toltrade.lt\/?page_id=42670"},"modified":"2023-03-28T20:03:39","modified_gmt":"2023-03-28T17:03:39","slug":"partnerschaft","status":"publish","type":"page","link":"https:\/\/toltrade.lt\/de\/partnerschaft\/","title":{"rendered":"Partnerschaft"},"content":{"rendered":"<div class=\"about-us-light txt-center\">\n<div class=\"about-us-content work-with-us bendradarbiavimas-item col-4\">\n<div class=\"about-us-light txt-center\">\n<div class=\"about-us-light txt-center\">\n<div class=\"about-us-light txt-center\">\n<div class=\"about-us-content work-with-us bendradarbiavimas-item col-4\">\n<div class=\"about-us-light txt-center\">\n<div class=\"about-us-light txt-center\">\n<p><strong>Personalvermittlung<\/strong><\/p>\n<h5><em>Nermeka steht f\u00fcr eine erfolgreiche Personalvermittlung. <\/em><\/h5>\n<p>Bei der Personalvermittlung, wird geeignetes Personal an einen Arbeitgeber vermittelt. Da es f\u00fcr ein Unternehmen wichtig ist, den Personalbedarf zu decken wird die Personalvermittlung meistens vom Arbeitgeber finanziert.<\/p>\n<p>Dadurch erh\u00f6ht der Arbeitgeber die Chance, dass offene Stellen in seinem Unternehmen besetzt werden. Es gibt verschiedene Gr\u00fcnde, warum es f\u00fcr ein Unternehmen sinnvoll sein kann auf die Personalvermittlung zur\u00fcckzugreifen.<\/p>\n<p>Personalvermittlung kann dann sinnvoll sein, wenn der eigene Recruiting-Aufwand zu hoch ist. Besonders dann, wenn die Kernkompetenz des Unternehmens nicht im Personalwesen liegt. Bei Auftragsspitzen kann es manchmal eine H\u00fcrde sein, den Personalbedarf schnell zu decken.<\/p>\n<p>In solchen F\u00e4llen kann die Personalvermittlung schnelle Hilfe leisten, indem sie schnell und einfach Personal an das betreffende Unternehmen vermittelt. Auch eine tempor\u00e4re Deckung ist im Rahmen von Zeitarbeit bei der Personalvermittlung m\u00f6glich.<\/p>\n<p>Bei Nermeka haben Sie den Vorteil, dass Sie keine eigenen Mitarbeiter anstellen m\u00fcssen. Nachdem Sie mit uns ein Vorgespr\u00e4ch gef\u00fchrt haben, werden wir daf\u00fcr sorgen, dass Sie die passenden Arbeitskr\u00e4fte aus Litauen und anderen osteurop\u00e4ischen L\u00e4ndern vermittelt bekommen. Unsere Personalvermittlung steht f\u00fcr Qualit\u00e4t und Effizienz. \u00dcberzeugen Sie sich selbst und kontaktieren Sie uns!<\/p>\n<h4><strong>Werkvertr\u00e4ge <\/strong><\/h4>\n<h5><em>Ein Werkvertrag bei Leiharbeit, Arbeitnehmer\u00fcberlassungen oder andere Themen sind f\u00fcr viele ein komplexes Thema. <\/em><\/h5>\n<p>Es gibt viele komplexe Angelegenheiten bei den Themen Werkvertrag, Leiharbeit und Arbeitnehmer\u00fcberlassung. Hirelabas hilft Ihnen dabei den \u00dcberblick zu behalten und das Maximum aus der Personalvermittlung f\u00fcr Sie herauszuholen. Wir sorgen daf\u00fcr, dass Sie Ihre Personalverwaltung effektiver angehen k\u00f6nnen.<\/p>\n<p>Was genau versteht man unter einem Werkvertrag?<\/p>\n<p>Mit einem Werkvertrag k\u00f6nnen Sie das Outsourcing effizienter gestalten. Bei einem Werkvertrag handelt es sich um privatrechtliche Vertr\u00e4ge \u00fcber den gegenseitigen Austausch von Leistungen. Dabei verpflichtet sich das Unternehmen zu der Herstellung eines Werks, wobei der Besteller des Werks sich zur Zahlung einer Verg\u00fctung, indem Fall der Werklohn, verpflichtet. Bei der Herstellung eines Werks, kann man sich beispielsweise folgende Dinge vorstellen:<\/p>\n<p>Herstellung einer Sache (zum Beispiel Reparatur eines Automobils, Bau einer Maschine, Aufbereitung eines Computers)<\/p>\n<p>Erfolg durch Arbeit oder Dienstleistungen (Untersuchung von Chemikalien, Anfertigung eines Gutachtens, Maschineninspektion)<\/p>\n<p>Der Vorteil eines Werkvertrags ist, dass sie zuvor ein definiertes Ergebnis konzipieren. Beim Outsourcing mit Werkvertr\u00e4gen kann auch festgehalten werden, dass tiefgehende Aufgaben zu erledigen sind. Wenn Outsourcing mithilfe eines Werkvertrages geregelt wird, \u00fcbernimmt der Dienstleister die komplette Organisation. Nermeka hilft Ihnen bei der Strukturierung von Outsourcing mit Werkvertr\u00e4gen, sodass Ihr Unternehmen davon profitieren kann.<\/p>\n<h4><strong>Arbeitskr\u00e4fte-Suchservice<\/strong><\/h4>\n<p>Wir bringen Ihr Unternehmen zum Wachsen mit Arbeitskr\u00e4fte-Suchservice. Eine gro\u00dfe Auswahl an Arbeitskr\u00e4ften, eine schnelle Vermittlung und eine flexible Verwaltung sorgen daf\u00fcr, dass wir f\u00fcr Sie das Maximum aus Ihrem Unternehmen herausholen k\u00f6nnen!<\/p>\n<p>Wir \u00fcbernehmen die Verantwortung f\u00fcr die Leihkr\u00e4fte.<\/p>\n<p>Wenn die den Arbeitskr\u00e4fte-Suchservice nutzen, gibt es zwei verschiedene Arten die Arbeitskr\u00e4fte zu charakterisieren. Sie k\u00f6nnen entscheiden, ob Sie eine Einmalzahlung leisten oder ob Sie doch lieber nach Stundenlohn bezahlen.<\/p>\n<p>Beim Arbeitskr\u00e4fte-Suchservice bestimmen Sie, welche Art von Arbeitskr\u00e4ften Ihren Personalbedarf decken. Nutzen Sie unseren Mitarbeiter-Suchservice auch bei ver\u00e4nderlichen Mitarbeiterzahlen.<\/p>\n<p>Unser hochwertiger Mitarbeiter-Suchservice vermittelt Ihnen qualifiziertes Personal und minimiert Ihr Risiko bei gr\u00f6\u00dferen Auftr\u00e4gen. Sparen Sie Kosten und planen Sie schneller mit unserem Arbeitskr\u00e4fte-Suchservice.<\/p>\n<h4 class=\"about-title work-title\">UKRAINISCHE FACHARBEITER<\/h4>\n<p>F\u00fcr das Jahr 2020 haben wir uns selbst einige neue Herausforderungen gesetzt.<\/p>\n<p>Dazu geh\u00f6rt es, dass wir deutlich vermehrt ukrainische Facharbeiter in Deutsch Unternehmen einsetzen m\u00f6chten und dabei von einer massiven Gesetzes\u00e4nderung Gebrauch machen. Diese Gesetzes\u00e4nderung im Jahr 2020 besagt, das ist eine \u00d6ffnung des deutschen Arbeitsmarktes geben solle und somit ist einfacher wird, f\u00fcr Facharbeiter aus osteurop\u00e4ischen L\u00e4ndern hierf\u00fcr kurz oder lang zu arbeiten.<\/p>\n<p>Ein wichtiger weiterer Faktor, welche hinzukommt ist, dass die Facharbeiter, welche derzeit in Polen arbeiten zu einem gro\u00dfen Teil direkt r\u00fcber kommen k\u00f6nnten nach Deutschland. Das Gehalt hier ist selbst bei einem Mindestlohn um ein Vielfaches h\u00f6her und die Arbeitsbedingungen meist besser, wodurch die ukrainischen Facharbeiter sehr gerne zu Ihnen in das Unternehmen kommen.<\/p>\n<p>So k\u00f6nnen wir f\u00fcr das Jahr 2020 entweder Arbeitskr\u00e4fte direkt zu ihnen in das Unternehmen bringen oder die Aufgaben direkt ins Ausland in die Ukraine outsourcen und somit ihre Kapazit\u00e4ten direkt vor Ort sparen. Wir k\u00fcmmern uns rund um die Vermittlung ihres ukrainischen Personals und sorgen daf\u00fcr, dass alle rechtlichen Grundlagen bei der Vermittlung erf\u00fcllt sind und beraten Sie gerne \u00fcber die weiteren Ma\u00dfnahmen, welche sie als Unternehmer treffen m\u00fcssen um die Ukraine schon Arbeiter korrekt anzumelden.<\/p>\n<p>Sie suchen saisonal oder mittelfristig gutes und kosteng\u00fcnstiges Personal? Dann sind Sie bei uns genau richtig, denn wir vermitteln f\u00fcr Sie gut ausgebildete und kosteng\u00fcnstige Arbeitskr\u00e4fte aus der Ukraine und sind dabei f\u00fcr Sie Ansprechpartner bei allen Fragen.<\/p>\n<p>Wir freuen uns auf Ihre Anfrage und werden uns schnellstm\u00f6glich bei Ihnen melden.<\/p>\n<h5>Kontaktieren Sie uns, falls Sie Beratung \u00fcber Personalvermittlung oder zus\u00e4tzliche Information zu bestimmten Fragen ben\u00f6tigen.<\/h5>\n<p><a class=\"yoast-link-suggestion__value\" href=\"http:\/\/toltrade.lt\/de\/fur-unternehmen\/\" target=\"_blank\" rel=\"noopener\">F\u00fcr Unternehmen<\/a><\/p>\n<\/div>\n<\/div>\n<\/div>\n<\/div>\n<\/div>\n<\/div>\n<\/div>\n<\/div>\n","protected":false},"excerpt":{"rendered":"<p>Personalvermittlung Nermeka steht f\u00fcr eine erfolgreiche Personalvermittlung. Bei der Personalvermittlung, wird geeignetes Personal an einen Arbeitgeber vermittelt. Da es f\u00fcr ein Unternehmen wichtig ist, den Personalbedarf zu decken wird die Personalvermittlung meistens vom Arbeitgeber finanziert. Dadurch erh\u00f6ht der Arbeitgeber die Chance, dass offene Stellen in seinem Unternehmen besetzt werden. Es gibt verschiedene Gr\u00fcnde, warum es [&hellip;]<\/p>\n","protected":false},"author":1,"featured_media":42671,"parent":0,"menu_order":0,"comment_status":"closed","ping_status":"closed","template":"darbdaviams-template-without-image.php","meta":{"_acf_changed":false,"footnotes":""},"class_list":["post-42670","page","type-page","status-publish","has-post-thumbnail","hentry"],"acf":[],"yoast_head":"<!-- This site is optimized with the Yoast SEO Premium plugin v27.1 (Yoast SEO v27.5) - https:\/\/yoast.com\/product\/yoast-seo-premium-wordpress\/ -->\n<title>Partnerschaft - TolTrade Group<\/title>\n<meta name=\"robots\" content=\"index, follow, max-snippet:-1, max-image-preview:large, max-video-preview:-1\" \/>\n<link rel=\"canonical\" href=\"https:\/\/toltrade.lt\/de\/partnerschaft\/\" \/>\n<meta property=\"og:locale\" content=\"de_DE\" \/>\n<meta property=\"og:type\" content=\"article\" \/>\n<meta property=\"og:title\" content=\"Partnerschaft\" \/>\n<meta property=\"og:description\" content=\"Personalvermittlung Nermeka steht f\u00fcr eine erfolgreiche Personalvermittlung. Bei der Personalvermittlung, wird geeignetes Personal an einen Arbeitgeber vermittelt. Da es f\u00fcr ein Unternehmen wichtig ist, den Personalbedarf zu decken wird die Personalvermittlung meistens vom Arbeitgeber finanziert. Dadurch erh\u00f6ht der Arbeitgeber die Chance, dass offene Stellen in seinem Unternehmen besetzt werden. Es gibt verschiedene Gr\u00fcnde, warum es [&hellip;]\" \/>\n<meta property=\"og:url\" content=\"https:\/\/toltrade.lt\/de\/partnerschaft\/\" \/>\n<meta property=\"og:site_name\" content=\"TolTrade Group\" \/>\n<meta property=\"article:modified_time\" content=\"2023-03-28T17:03:39+00:00\" \/>\n<meta property=\"og:image\" content=\"https:\/\/toltrade.lt\/wp-content\/uploads\/2021\/06\/pexels-photo-255488.jpeg\" \/>\n\t<meta property=\"og:image:width\" content=\"1120\" \/>\n\t<meta property=\"og:image:height\" content=\"750\" \/>\n\t<meta property=\"og:image:type\" content=\"image\/jpeg\" \/>\n<meta name=\"twitter:card\" content=\"summary_large_image\" \/>\n<meta name=\"twitter:label1\" content=\"Gesch\u00e4tzte Lesezeit\" \/>\n\t<meta name=\"twitter:data1\" content=\"5\u00a0Minuten\" \/>\n<script type=\"application\/ld+json\" class=\"yoast-schema-graph\">{\"@context\":\"https:\\\/\\\/schema.org\",\"@graph\":[{\"@type\":\"WebPage\",\"@id\":\"https:\\\/\\\/toltrade.lt\\\/de\\\/partnerschaft\\\/\",\"url\":\"https:\\\/\\\/toltrade.lt\\\/de\\\/partnerschaft\\\/\",\"name\":\"Partnerschaft - TolTrade Group\",\"isPartOf\":{\"@id\":\"https:\\\/\\\/toltrade.lt\\\/#website\"},\"primaryImageOfPage\":{\"@id\":\"https:\\\/\\\/toltrade.lt\\\/de\\\/partnerschaft\\\/#primaryimage\"},\"image\":{\"@id\":\"https:\\\/\\\/toltrade.lt\\\/de\\\/partnerschaft\\\/#primaryimage\"},\"thumbnailUrl\":\"https:\\\/\\\/toltrade.lt\\\/wp-content\\\/uploads\\\/2021\\\/06\\\/pexels-photo-255488.jpeg\",\"datePublished\":\"2021-06-26T14:44:10+00:00\",\"dateModified\":\"2023-03-28T17:03:39+00:00\",\"breadcrumb\":{\"@id\":\"https:\\\/\\\/toltrade.lt\\\/de\\\/partnerschaft\\\/#breadcrumb\"},\"inLanguage\":\"de\",\"potentialAction\":[{\"@type\":\"ReadAction\",\"target\":[\"https:\\\/\\\/toltrade.lt\\\/de\\\/partnerschaft\\\/\"]}]},{\"@type\":\"ImageObject\",\"inLanguage\":\"de\",\"@id\":\"https:\\\/\\\/toltrade.lt\\\/de\\\/partnerschaft\\\/#primaryimage\",\"url\":\"https:\\\/\\\/toltrade.lt\\\/wp-content\\\/uploads\\\/2021\\\/06\\\/pexels-photo-255488.jpeg\",\"contentUrl\":\"https:\\\/\\\/toltrade.lt\\\/wp-content\\\/uploads\\\/2021\\\/06\\\/pexels-photo-255488.jpeg\",\"width\":1120,\"height\":750},{\"@type\":\"BreadcrumbList\",\"@id\":\"https:\\\/\\\/toltrade.lt\\\/de\\\/partnerschaft\\\/#breadcrumb\",\"itemListElement\":[{\"@type\":\"ListItem\",\"position\":1,\"name\":\"Home\",\"item\":\"https:\\\/\\\/toltrade.lt\\\/de\\\/\"},{\"@type\":\"ListItem\",\"position\":2,\"name\":\"Partnerschaft\"}]},{\"@type\":\"WebSite\",\"@id\":\"https:\\\/\\\/toltrade.lt\\\/#website\",\"url\":\"https:\\\/\\\/toltrade.lt\\\/\",\"name\":\"TolTrade Group\",\"description\":\"\",\"publisher\":{\"@id\":\"https:\\\/\\\/toltrade.lt\\\/#organization\"},\"potentialAction\":[{\"@type\":\"SearchAction\",\"target\":{\"@type\":\"EntryPoint\",\"urlTemplate\":\"https:\\\/\\\/toltrade.lt\\\/?s={search_term_string}\"},\"query-input\":{\"@type\":\"PropertyValueSpecification\",\"valueRequired\":true,\"valueName\":\"search_term_string\"}}],\"inLanguage\":\"de\"},{\"@type\":\"Organization\",\"@id\":\"https:\\\/\\\/toltrade.lt\\\/#organization\",\"name\":\"TolTrade Group\",\"url\":\"https:\\\/\\\/toltrade.lt\\\/\",\"logo\":{\"@type\":\"ImageObject\",\"inLanguage\":\"de\",\"@id\":\"https:\\\/\\\/toltrade.lt\\\/#\\\/schema\\\/logo\\\/image\\\/\",\"url\":\"https:\\\/\\\/toltrade.lt\\\/wp-content\\\/uploads\\\/2022\\\/10\\\/toltrade_logo2_150x150.png\",\"contentUrl\":\"https:\\\/\\\/toltrade.lt\\\/wp-content\\\/uploads\\\/2022\\\/10\\\/toltrade_logo2_150x150.png\",\"width\":150,\"height\":150,\"caption\":\"TolTrade Group\"},\"image\":{\"@id\":\"https:\\\/\\\/toltrade.lt\\\/#\\\/schema\\\/logo\\\/image\\\/\"}}]}<\/script>\n<!-- \/ Yoast SEO Premium plugin. -->","yoast_head_json":{"title":"Partnerschaft - TolTrade Group","robots":{"index":"index","follow":"follow","max-snippet":"max-snippet:-1","max-image-preview":"max-image-preview:large","max-video-preview":"max-video-preview:-1"},"canonical":"https:\/\/toltrade.lt\/de\/partnerschaft\/","og_locale":"de_DE","og_type":"article","og_title":"Partnerschaft","og_description":"Personalvermittlung Nermeka steht f\u00fcr eine erfolgreiche Personalvermittlung. Bei der Personalvermittlung, wird geeignetes Personal an einen Arbeitgeber vermittelt. Da es f\u00fcr ein Unternehmen wichtig ist, den Personalbedarf zu decken wird die Personalvermittlung meistens vom Arbeitgeber finanziert. Dadurch erh\u00f6ht der Arbeitgeber die Chance, dass offene Stellen in seinem Unternehmen besetzt werden. Es gibt verschiedene Gr\u00fcnde, warum es [&hellip;]","og_url":"https:\/\/toltrade.lt\/de\/partnerschaft\/","og_site_name":"TolTrade Group","article_modified_time":"2023-03-28T17:03:39+00:00","og_image":[{"width":1120,"height":750,"url":"https:\/\/toltrade.lt\/wp-content\/uploads\/2021\/06\/pexels-photo-255488.jpeg","type":"image\/jpeg"}],"twitter_card":"summary_large_image","twitter_misc":{"Gesch\u00e4tzte Lesezeit":"5\u00a0Minuten"},"schema":{"@context":"https:\/\/schema.org","@graph":[{"@type":"WebPage","@id":"https:\/\/toltrade.lt\/de\/partnerschaft\/","url":"https:\/\/toltrade.lt\/de\/partnerschaft\/","name":"Partnerschaft - TolTrade Group","isPartOf":{"@id":"https:\/\/toltrade.lt\/#website"},"primaryImageOfPage":{"@id":"https:\/\/toltrade.lt\/de\/partnerschaft\/#primaryimage"},"image":{"@id":"https:\/\/toltrade.lt\/de\/partnerschaft\/#primaryimage"},"thumbnailUrl":"https:\/\/toltrade.lt\/wp-content\/uploads\/2021\/06\/pexels-photo-255488.jpeg","datePublished":"2021-06-26T14:44:10+00:00","dateModified":"2023-03-28T17:03:39+00:00","breadcrumb":{"@id":"https:\/\/toltrade.lt\/de\/partnerschaft\/#breadcrumb"},"inLanguage":"de","potentialAction":[{"@type":"ReadAction","target":["https:\/\/toltrade.lt\/de\/partnerschaft\/"]}]},{"@type":"ImageObject","inLanguage":"de","@id":"https:\/\/toltrade.lt\/de\/partnerschaft\/#primaryimage","url":"https:\/\/toltrade.lt\/wp-content\/uploads\/2021\/06\/pexels-photo-255488.jpeg","contentUrl":"https:\/\/toltrade.lt\/wp-content\/uploads\/2021\/06\/pexels-photo-255488.jpeg","width":1120,"height":750},{"@type":"BreadcrumbList","@id":"https:\/\/toltrade.lt\/de\/partnerschaft\/#breadcrumb","itemListElement":[{"@type":"ListItem","position":1,"name":"Home","item":"https:\/\/toltrade.lt\/de\/"},{"@type":"ListItem","position":2,"name":"Partnerschaft"}]},{"@type":"WebSite","@id":"https:\/\/toltrade.lt\/#website","url":"https:\/\/toltrade.lt\/","name":"TolTrade Group","description":"","publisher":{"@id":"https:\/\/toltrade.lt\/#organization"},"potentialAction":[{"@type":"SearchAction","target":{"@type":"EntryPoint","urlTemplate":"https:\/\/toltrade.lt\/?s={search_term_string}"},"query-input":{"@type":"PropertyValueSpecification","valueRequired":true,"valueName":"search_term_string"}}],"inLanguage":"de"},{"@type":"Organization","@id":"https:\/\/toltrade.lt\/#organization","name":"TolTrade Group","url":"https:\/\/toltrade.lt\/","logo":{"@type":"ImageObject","inLanguage":"de","@id":"https:\/\/toltrade.lt\/#\/schema\/logo\/image\/","url":"https:\/\/toltrade.lt\/wp-content\/uploads\/2022\/10\/toltrade_logo2_150x150.png","contentUrl":"https:\/\/toltrade.lt\/wp-content\/uploads\/2022\/10\/toltrade_logo2_150x150.png","width":150,"height":150,"caption":"TolTrade Group"},"image":{"@id":"https:\/\/toltrade.lt\/#\/schema\/logo\/image\/"}}]}},"_links":{"self":[{"href":"https:\/\/toltrade.lt\/de\/wp-json\/wp\/v2\/pages\/42670","targetHints":{"allow":["GET"]}}],"collection":[{"href":"https:\/\/toltrade.lt\/de\/wp-json\/wp\/v2\/pages"}],"about":[{"href":"https:\/\/toltrade.lt\/de\/wp-json\/wp\/v2\/types\/page"}],"author":[{"embeddable":true,"href":"https:\/\/toltrade.lt\/de\/wp-json\/wp\/v2\/users\/1"}],"replies":[{"embeddable":true,"href":"https:\/\/toltrade.lt\/de\/wp-json\/wp\/v2\/comments?post=42670"}],"version-history":[{"count":6,"href":"https:\/\/toltrade.lt\/de\/wp-json\/wp\/v2\/pages\/42670\/revisions"}],"predecessor-version":[{"id":47358,"href":"https:\/\/toltrade.lt\/de\/wp-json\/wp\/v2\/pages\/42670\/revisions\/47358"}],"wp:featuredmedia":[{"embeddable":true,"href":"https:\/\/toltrade.lt\/de\/wp-json\/wp\/v2\/media\/42671"}],"wp:attachment":[{"href":"https:\/\/toltrade.lt\/de\/wp-json\/wp\/v2\/media?parent=42670"}],"curies":[{"name":"wp","href":"https:\/\/api.w.org\/{rel}","templated":true}]}}