{"id":42776,"date":"2021-06-26T19:47:52","date_gmt":"2021-06-26T19:47:52","guid":{"rendered":"https:\/\/toltrade.lt\/?page_id=42776"},"modified":"2023-03-28T21:21:12","modified_gmt":"2023-03-28T18:21:12","slug":"hirelabas-group","status":"publish","type":"page","link":"https:\/\/toltrade.lt\/pl\/","title":{"rendered":"Toltrade Group"},"content":{"rendered":"<h3>Pracownicy z ukrainy. Rekrutacja pracownik\u00f3w z Ukrainy, pracownicy z ukrainy.<\/h3>\n<p><strong>Toltrade Group<\/strong> oferuje kompleksow\u0105 pomoc w zakresie rekrutacji pracownik\u00f3w z Ukrainy. Wyszukujemy fachowc\u00f3w z r\u00f3\u017cnych bran\u017c o wymaganych kwalifikacjach i po\u017c\u0105danym do\u015bwiadczeniu zawodowym. Szukamy pracownik\u00f3w, kt\u00f3rzy b\u0119d\u0105 najlepiej pasowa\u0107 do profilu i filozofii konkretnego przedsi\u0119biorstwa.<\/p>\n","protected":false},"excerpt":{"rendered":"<p>Pracownicy z ukrainy. Rekrutacja pracownik\u00f3w z Ukrainy, pracownicy z ukrainy. Toltrade Group oferuje kompleksow\u0105 pomoc w zakresie rekrutacji pracownik\u00f3w z Ukrainy. Wyszukujemy fachowc\u00f3w z r\u00f3\u017cnych bran\u017c o wymaganych kwalifikacjach i po\u017c\u0105danym do\u015bwiadczeniu zawodowym. Szukamy pracownik\u00f3w, kt\u00f3rzy b\u0119d\u0105 najlepiej pasowa\u0107 do profilu i filozofii konkretnego przedsi\u0119biorstwa.<\/p>\n","protected":false},"author":1,"featured_media":0,"parent":0,"menu_order":0,"comment_status":"closed","ping_status":"closed","template":"pagrindinis-template.php","meta":{"_acf_changed":false,"footnotes":""},"class_list":["post-42776","page","type-page","status-publish","hentry"],"acf":[],"yoast_head":"<!-- This site is optimized with the Yoast SEO Premium plugin v27.1 (Yoast SEO v27.5) - https:\/\/yoast.com\/product\/yoast-seo-premium-wordpress\/ -->\n<title>Pracownicy z ukrainy | Rekrutacja pracownik\u00f3w z Ukrainy | HireLabas<\/title>\n<meta name=\"description\" content=\"Pracownicy z ukrainy - Rekrutacja pracownik\u00f3w z Ukrainy - Je\u015bli nie mo\u017cesz znale\u017a\u0107 odpowiednich pracownik\u00f3w w Polsce, zwr\u00f3\u0107 si\u0119 do nas! HireLabas Group\" \/>\n<meta name=\"robots\" content=\"index, follow, max-snippet:-1, max-image-preview:large, max-video-preview:-1\" \/>\n<link rel=\"canonical\" href=\"https:\/\/toltrade.lt\/pl\/\" \/>\n<meta property=\"og:locale\" content=\"pl_PL\" \/>\n<meta property=\"og:type\" content=\"article\" \/>\n<meta property=\"og:title\" content=\"Toltrade Group\" \/>\n<meta property=\"og:description\" content=\"Pracownicy z ukrainy - Rekrutacja pracownik\u00f3w z Ukrainy - Je\u015bli nie mo\u017cesz znale\u017a\u0107 odpowiednich pracownik\u00f3w w Polsce, zwr\u00f3\u0107 si\u0119 do nas! HireLabas Group\" \/>\n<meta property=\"og:url\" content=\"https:\/\/toltrade.lt\/pl\/\" \/>\n<meta property=\"og:site_name\" content=\"Og\u0142oszenia o prac\u0119 | D\u0142ugoterminowa i kr\u00f3tkoterminowa praca za granic\u0105 | TolTrade Group\" \/>\n<meta property=\"article:modified_time\" content=\"2023-03-28T18:21:12+00:00\" \/>\n<meta property=\"og:image\" content=\"https:\/\/toltrade.lt\/wp-content\/uploads\/2021\/10\/hirelabas-group.png\" \/>\n\t<meta property=\"og:image:width\" content=\"600\" \/>\n\t<meta property=\"og:image:height\" content=\"500\" \/>\n\t<meta property=\"og:image:type\" content=\"image\/png\" \/>\n<meta name=\"twitter:card\" content=\"summary_large_image\" \/>\n<meta name=\"twitter:label1\" content=\"Szacowany czas czytania\" \/>\n\t<meta name=\"twitter:data1\" content=\"1 minuta\" \/>\n<script type=\"application\/ld+json\" class=\"yoast-schema-graph\">{\"@context\":\"https:\\\/\\\/schema.org\",\"@graph\":[{\"@type\":\"WebPage\",\"@id\":\"https:\\\/\\\/toltrade.lt\\\/pl\\\/\",\"url\":\"https:\\\/\\\/toltrade.lt\\\/pl\\\/\",\"name\":\"Pracownicy z ukrainy | Rekrutacja pracownik\u00f3w z Ukrainy | HireLabas\",\"isPartOf\":{\"@id\":\"https:\\\/\\\/toltrade.lt\\\/#website\"},\"datePublished\":\"2021-06-26T19:47:52+00:00\",\"dateModified\":\"2023-03-28T18:21:12+00:00\",\"description\":\"Pracownicy z ukrainy - Rekrutacja pracownik\u00f3w z Ukrainy - Je\u015bli nie mo\u017cesz znale\u017a\u0107 odpowiednich pracownik\u00f3w w Polsce, zwr\u00f3\u0107 si\u0119 do nas! HireLabas Group\",\"breadcrumb\":{\"@id\":\"https:\\\/\\\/toltrade.lt\\\/pl\\\/#breadcrumb\"},\"inLanguage\":\"pl-PL\",\"potentialAction\":[{\"@type\":\"ReadAction\",\"target\":[\"https:\\\/\\\/toltrade.lt\\\/pl\\\/\"]}]},{\"@type\":\"BreadcrumbList\",\"@id\":\"https:\\\/\\\/toltrade.lt\\\/pl\\\/#breadcrumb\",\"itemListElement\":[{\"@type\":\"ListItem\",\"position\":1,\"name\":\"Home\",\"item\":\"https:\\\/\\\/toltrade.lt\\\/pl\\\/\"},{\"@type\":\"ListItem\",\"position\":2,\"name\":\"Toltrade Group\"}]},{\"@type\":\"WebSite\",\"@id\":\"https:\\\/\\\/toltrade.lt\\\/#website\",\"url\":\"https:\\\/\\\/toltrade.lt\\\/\",\"name\":\"Og\u0142oszenia o prac\u0119 | D\u0142ugoterminowa i kr\u00f3tkoterminowa praca za granic\u0105 | TolTrade Group\",\"description\":\"\",\"publisher\":{\"@id\":\"https:\\\/\\\/toltrade.lt\\\/#organization\"},\"potentialAction\":[{\"@type\":\"SearchAction\",\"target\":{\"@type\":\"EntryPoint\",\"urlTemplate\":\"https:\\\/\\\/toltrade.lt\\\/?s={search_term_string}\"},\"query-input\":{\"@type\":\"PropertyValueSpecification\",\"valueRequired\":true,\"valueName\":\"search_term_string\"}}],\"inLanguage\":\"pl-PL\"},{\"@type\":\"Organization\",\"@id\":\"https:\\\/\\\/toltrade.lt\\\/#organization\",\"name\":\"Og\u0142oszenia o prac\u0119 | D\u0142ugoterminowa i kr\u00f3tkoterminowa praca za granic\u0105 | TolTrade Group\",\"url\":\"https:\\\/\\\/toltrade.lt\\\/\",\"logo\":{\"@type\":\"ImageObject\",\"inLanguage\":\"pl-PL\",\"@id\":\"https:\\\/\\\/toltrade.lt\\\/#\\\/schema\\\/logo\\\/image\\\/\",\"url\":\"https:\\\/\\\/toltrade.lt\\\/wp-content\\\/uploads\\\/2022\\\/10\\\/toltrade_logo2_150x150.png\",\"contentUrl\":\"https:\\\/\\\/toltrade.lt\\\/wp-content\\\/uploads\\\/2022\\\/10\\\/toltrade_logo2_150x150.png\",\"width\":150,\"height\":150,\"caption\":\"Og\u0142oszenia o prac\u0119 | D\u0142ugoterminowa i kr\u00f3tkoterminowa praca za granic\u0105 | TolTrade Group\"},\"image\":{\"@id\":\"https:\\\/\\\/toltrade.lt\\\/#\\\/schema\\\/logo\\\/image\\\/\"}}]}<\/script>\n<!-- \/ Yoast SEO Premium plugin. -->","yoast_head_json":{"title":"Pracownicy z ukrainy | Rekrutacja pracownik\u00f3w z Ukrainy | HireLabas","description":"Pracownicy z ukrainy - Rekrutacja pracownik\u00f3w z Ukrainy - Je\u015bli nie mo\u017cesz znale\u017a\u0107 odpowiednich pracownik\u00f3w w Polsce, zwr\u00f3\u0107 si\u0119 do nas! HireLabas Group","robots":{"index":"index","follow":"follow","max-snippet":"max-snippet:-1","max-image-preview":"max-image-preview:large","max-video-preview":"max-video-preview:-1"},"canonical":"https:\/\/toltrade.lt\/pl\/","og_locale":"pl_PL","og_type":"article","og_title":"Toltrade Group","og_description":"Pracownicy z ukrainy - Rekrutacja pracownik\u00f3w z Ukrainy - Je\u015bli nie mo\u017cesz znale\u017a\u0107 odpowiednich pracownik\u00f3w w Polsce, zwr\u00f3\u0107 si\u0119 do nas! HireLabas Group","og_url":"https:\/\/toltrade.lt\/pl\/","og_site_name":"Og\u0142oszenia o prac\u0119 | D\u0142ugoterminowa i kr\u00f3tkoterminowa praca za granic\u0105 | TolTrade Group","article_modified_time":"2023-03-28T18:21:12+00:00","og_image":[{"width":600,"height":500,"url":"https:\/\/toltrade.lt\/wp-content\/uploads\/2021\/10\/hirelabas-group.png","type":"image\/png"}],"twitter_card":"summary_large_image","twitter_misc":{"Szacowany czas czytania":"1 minuta"},"schema":{"@context":"https:\/\/schema.org","@graph":[{"@type":"WebPage","@id":"https:\/\/toltrade.lt\/pl\/","url":"https:\/\/toltrade.lt\/pl\/","name":"Pracownicy z ukrainy | Rekrutacja pracownik\u00f3w z Ukrainy | HireLabas","isPartOf":{"@id":"https:\/\/toltrade.lt\/#website"},"datePublished":"2021-06-26T19:47:52+00:00","dateModified":"2023-03-28T18:21:12+00:00","description":"Pracownicy z ukrainy - Rekrutacja pracownik\u00f3w z Ukrainy - Je\u015bli nie mo\u017cesz znale\u017a\u0107 odpowiednich pracownik\u00f3w w Polsce, zwr\u00f3\u0107 si\u0119 do nas! HireLabas Group","breadcrumb":{"@id":"https:\/\/toltrade.lt\/pl\/#breadcrumb"},"inLanguage":"pl-PL","potentialAction":[{"@type":"ReadAction","target":["https:\/\/toltrade.lt\/pl\/"]}]},{"@type":"BreadcrumbList","@id":"https:\/\/toltrade.lt\/pl\/#breadcrumb","itemListElement":[{"@type":"ListItem","position":1,"name":"Home","item":"https:\/\/toltrade.lt\/pl\/"},{"@type":"ListItem","position":2,"name":"Toltrade Group"}]},{"@type":"WebSite","@id":"https:\/\/toltrade.lt\/#website","url":"https:\/\/toltrade.lt\/","name":"Og\u0142oszenia o prac\u0119 | D\u0142ugoterminowa i kr\u00f3tkoterminowa praca za granic\u0105 | TolTrade Group","description":"","publisher":{"@id":"https:\/\/toltrade.lt\/#organization"},"potentialAction":[{"@type":"SearchAction","target":{"@type":"EntryPoint","urlTemplate":"https:\/\/toltrade.lt\/?s={search_term_string}"},"query-input":{"@type":"PropertyValueSpecification","valueRequired":true,"valueName":"search_term_string"}}],"inLanguage":"pl-PL"},{"@type":"Organization","@id":"https:\/\/toltrade.lt\/#organization","name":"Og\u0142oszenia o prac\u0119 | D\u0142ugoterminowa i kr\u00f3tkoterminowa praca za granic\u0105 | TolTrade Group","url":"https:\/\/toltrade.lt\/","logo":{"@type":"ImageObject","inLanguage":"pl-PL","@id":"https:\/\/toltrade.lt\/#\/schema\/logo\/image\/","url":"https:\/\/toltrade.lt\/wp-content\/uploads\/2022\/10\/toltrade_logo2_150x150.png","contentUrl":"https:\/\/toltrade.lt\/wp-content\/uploads\/2022\/10\/toltrade_logo2_150x150.png","width":150,"height":150,"caption":"Og\u0142oszenia o prac\u0119 | D\u0142ugoterminowa i kr\u00f3tkoterminowa praca za granic\u0105 | TolTrade Group"},"image":{"@id":"https:\/\/toltrade.lt\/#\/schema\/logo\/image\/"}}]}},"_links":{"self":[{"href":"https:\/\/toltrade.lt\/pl\/wp-json\/wp\/v2\/pages\/42776","targetHints":{"allow":["GET"]}}],"collection":[{"href":"https:\/\/toltrade.lt\/pl\/wp-json\/wp\/v2\/pages"}],"about":[{"href":"https:\/\/toltrade.lt\/pl\/wp-json\/wp\/v2\/types\/page"}],"author":[{"embeddable":true,"href":"https:\/\/toltrade.lt\/pl\/wp-json\/wp\/v2\/users\/1"}],"replies":[{"embeddable":true,"href":"https:\/\/toltrade.lt\/pl\/wp-json\/wp\/v2\/comments?post=42776"}],"version-history":[{"count":4,"href":"https:\/\/toltrade.lt\/pl\/wp-json\/wp\/v2\/pages\/42776\/revisions"}],"predecessor-version":[{"id":47581,"href":"https:\/\/toltrade.lt\/pl\/wp-json\/wp\/v2\/pages\/42776\/revisions\/47581"}],"wp:attachment":[{"href":"https:\/\/toltrade.lt\/pl\/wp-json\/wp\/v2\/media?parent=42776"}],"curies":[{"name":"wp","href":"https:\/\/api.w.org\/{rel}","templated":true}]}}